{"id":826,"date":"2021-11-08T11:42:41","date_gmt":"2021-11-08T10:42:41","guid":{"rendered":"https:\/\/www.allevamentodeitemplari.it\/contatti\/"},"modified":"2023-03-10T11:11:15","modified_gmt":"2023-03-10T10:11:15","slug":"contacts","status":"publish","type":"page","link":"https:\/\/www.allevamentodeitemplari.it\/en\/contacts\/","title":{"rendered":"Contacts"},"content":{"rendered":"<p>[et_pb_section fb_built=&#8221;1&#8243; _builder_version=&#8221;4.16&#8243; _module_preset=&#8221;default&#8221; background_color=&#8221;#383838&#8243; custom_padding=&#8221;66px||66px||true|&#8221; saved_tabs=&#8221;all&#8221; global_colors_info=&#8221;{}&#8221;][et_pb_row _builder_version=&#8221;4.16&#8243; _module_preset=&#8221;default&#8221; global_colors_info=&#8221;{}&#8221;][et_pb_column type=&#8221;4_4&#8243; _builder_version=&#8221;4.16&#8243; _module_preset=&#8221;default&#8221; custom_padding=&#8221;|||&#8221; global_colors_info=&#8221;{}&#8221; custom_padding__hover=&#8221;|||&#8221;][et_pb_post_title meta=&#8221;off&#8221; featured_image=&#8221;off&#8221; _builder_version=&#8221;4.16&#8243; _module_preset=&#8221;default&#8221; title_font=&#8221;|700||on|||||&#8221; title_text_align=&#8221;left&#8221; title_text_color=&#8221;#ffffff&#8221; title_font_size=&#8221;30px&#8221; title_font_size_tablet=&#8221;&#8221; title_font_size_phone=&#8221;20px&#8221; title_font_size_last_edited=&#8221;on|desktop&#8221; global_colors_info=&#8221;{}&#8221;][\/et_pb_post_title][\/et_pb_column][\/et_pb_row][\/et_pb_section][et_pb_section fb_built=&#8221;1&#8243; _builder_version=&#8221;4.16&#8243; custom_padding=&#8221;80px||0px||false|false&#8221; global_colors_info=&#8221;{}&#8221;][et_pb_row column_structure=&#8221;1_2,1_2&#8243; use_custom_gutter=&#8221;on&#8221; gutter_width=&#8221;2&#8243; _builder_version=&#8221;4.16&#8243; _module_preset=&#8221;default&#8221; width=&#8221;90%&#8221; global_colors_info=&#8221;{}&#8221;][et_pb_column type=&#8221;1_2&#8243; _builder_version=&#8221;4.16&#8243; _module_preset=&#8221;default&#8221; global_colors_info=&#8221;{}&#8221;][et_pb_text _builder_version=&#8221;4.20.1&#8243; _module_preset=&#8221;default&#8221; text_text_color=&#8221;#000000&#8243; link_text_color=&#8221;#666666&#8243; link_font_size=&#8221;17px&#8221; link_line_height=&#8221;2em&#8221; global_colors_info=&#8221;{}&#8221;]<\/p>\n<p><a class=\"social-single\" href=\"\/212\/allevamentodeitemplari\/?page_id=118#mappa-google\"><i class=\"fas fa-map-marker-alt\"><\/i> Strada Provinciale 236 , Gaggiano, Italy<\/a><br \/><a class=\"social-single\" href=\"tel:+393386028176\"><i class=\"fas fa-mobile\"><\/i> +39 3386028176<\/a><br \/><a class=\"social-single\" href=\"tel:+393351807444\"><i class=\"fas fa-mobile\"><\/i> +39 3351807444<\/a><br \/><a class=\"social-single\" href=\"mailto:info@allevamentodeitemplari.it\"><i class=\"fas fa-envelope\"><\/i> info@allevamentodeitemplari.it<\/a><\/p>\n<p>[\/et_pb_text][\/et_pb_column][et_pb_column type=&#8221;1_2&#8243; _builder_version=&#8221;4.16&#8243; _module_preset=&#8221;default&#8221; custom_css_main_element=&#8221;display:grid;||grid-template-columns:1fr 1fr 1fr;&#8221; global_colors_info=&#8221;{}&#8221;][et_pb_blurb use_icon=&#8221;on&#8221; font_icon=&#8221;&#xe090;||divi||400&#8243; icon_color=&#8221;gcid-c58ce0d7-e4ed-4e75-a986-2f46f9e701ed&#8221; image_icon_background_color=&#8221;gcid-5836ee55-e9b3-4966-a0d7-18bdd1cd429b&#8221; image_icon_width=&#8221;36px&#8221; _builder_version=&#8221;4.20.1&#8243; _module_preset=&#8221;default&#8221; header_font=&#8221;Roboto Condensed|300|||||||&#8221; header_text_align=&#8221;center&#8221; header_text_color=&#8221;#ffffff&#8221; header_font_size=&#8221;20px&#8221; header_line_height=&#8221;1.5em&#8221; body_font=&#8221;|700|||||||&#8221; body_text_align=&#8221;center&#8221; body_text_color=&#8221;gcid-d9b23de0-9e42-4c6d-9d89-3356b88e6677&#8243; body_font_size=&#8221;22px&#8221; body_line_height=&#8221;1em&#8221; image_icon_custom_padding=&#8221;10px|10px|10px|10px|true|true&#8221; custom_padding=&#8221;0px|0px|0px|0px|false|true&#8221; custom_padding_tablet=&#8221;|20px||20px||true&#8221; custom_padding_phone=&#8221;|0px||0px|false|true&#8221; custom_padding_last_edited=&#8221;on|tablet&#8221; animation=&#8221;off&#8221; link_option_url=&#8221;tel:+393386028176&#8243; body_font_size_tablet=&#8221;&#8221; body_font_size_phone=&#8221;15px&#8221; body_font_size_last_edited=&#8221;on|desktop&#8221; border_width_all=&#8221;1px&#8221; border_color_all=&#8221;#ffffff&#8221; border_radii_image=&#8221;on|100px|100px|100px|100px&#8221; icon_font_size=&#8221;46px&#8221; global_colors_info=&#8221;{%22gcid-5836ee55-e9b3-4966-a0d7-18bdd1cd429b%22:%91%22image_icon_background_color%22%93,%22gcid-d9b23de0-9e42-4c6d-9d89-3356b88e6677%22:%91%22body_text_color%22%93,%22gcid-c58ce0d7-e4ed-4e75-a986-2f46f9e701ed%22:%91%22icon_color%22%93}&#8221;]Call Us[\/et_pb_blurb][et_pb_blurb use_icon=&#8221;on&#8221; font_icon=&#8221;&#xf0e0;||fa||900&#8243; icon_color=&#8221;gcid-c58ce0d7-e4ed-4e75-a986-2f46f9e701ed&#8221; image_icon_background_color=&#8221;gcid-5836ee55-e9b3-4966-a0d7-18bdd1cd429b&#8221; image_icon_width=&#8221;36px&#8221; _builder_version=&#8221;4.20.1&#8243; _module_preset=&#8221;default&#8221; header_font=&#8221;Roboto Condensed|300|||||||&#8221; header_text_align=&#8221;center&#8221; header_text_color=&#8221;#ffffff&#8221; header_font_size=&#8221;20px&#8221; header_line_height=&#8221;1.5em&#8221; body_font=&#8221;|700|||||||&#8221; body_text_align=&#8221;center&#8221; body_text_color=&#8221;gcid-d9b23de0-9e42-4c6d-9d89-3356b88e6677&#8243; body_font_size=&#8221;22px&#8221; body_line_height=&#8221;1em&#8221; image_icon_custom_padding=&#8221;10px|10px|10px|10px|true|true&#8221; custom_padding=&#8221;0px|0px|0px|0px|false|true&#8221; custom_padding_tablet=&#8221;|20px||20px||true&#8221; custom_padding_phone=&#8221;|0px||0px|false|true&#8221; custom_padding_last_edited=&#8221;on|tablet&#8221; animation=&#8221;off&#8221; link_option_url=&#8221;mailto:info@allevamentodeitemplari.it&#8221; body_font_size_tablet=&#8221;&#8221; body_font_size_phone=&#8221;15px&#8221; body_font_size_last_edited=&#8221;on|desktop&#8221; border_width_all=&#8221;1px&#8221; border_color_all=&#8221;#ffffff&#8221; border_radii_image=&#8221;on|100px|100px|100px|100px&#8221; icon_font_size=&#8221;46px&#8221; global_colors_info=&#8221;{%22gcid-5836ee55-e9b3-4966-a0d7-18bdd1cd429b%22:%91%22image_icon_background_color%22,%22image_icon_background_color%22%93,%22gcid-d9b23de0-9e42-4c6d-9d89-3356b88e6677%22:%91%22body_text_color%22,%22body_text_color%22%93,%22gcid-c58ce0d7-e4ed-4e75-a986-2f46f9e701ed%22:%91%22icon_color%22%93}&#8221;]<\/p>\n<p>E-mail<\/p>\n<p>[\/et_pb_blurb][et_pb_blurb use_icon=&#8221;on&#8221; font_icon=&#8221;&#xf5eb;||fa||900&#8243; icon_color=&#8221;gcid-c58ce0d7-e4ed-4e75-a986-2f46f9e701ed&#8221; image_icon_background_color=&#8221;gcid-5836ee55-e9b3-4966-a0d7-18bdd1cd429b&#8221; image_icon_width=&#8221;36px&#8221; _builder_version=&#8221;4.20.1&#8243; _module_preset=&#8221;default&#8221; header_font=&#8221;Roboto Condensed|300|||||||&#8221; header_text_align=&#8221;center&#8221; header_text_color=&#8221;#ffffff&#8221; header_font_size=&#8221;20px&#8221; header_line_height=&#8221;1.5em&#8221; body_font=&#8221;|700|||||||&#8221; body_text_align=&#8221;center&#8221; body_text_color=&#8221;gcid-d9b23de0-9e42-4c6d-9d89-3356b88e6677&#8243; body_font_size=&#8221;22px&#8221; body_line_height=&#8221;1em&#8221; image_icon_custom_padding=&#8221;10px|10px|10px|10px|true|true&#8221; custom_padding=&#8221;0px|0px|0px|0px|false|true&#8221; custom_padding_tablet=&#8221;|20px||20px||true&#8221; custom_padding_phone=&#8221;|0px||0px|false|true&#8221; custom_padding_last_edited=&#8221;on|tablet&#8221; animation=&#8221;off&#8221; link_option_url=&#8221;#mappa-google&#8221; body_font_size_tablet=&#8221;&#8221; body_font_size_phone=&#8221;15px&#8221; body_font_size_last_edited=&#8221;on|desktop&#8221; border_width_all=&#8221;1px&#8221; border_color_all=&#8221;#ffffff&#8221; border_radii_image=&#8221;on|100px|100px|100px|100px&#8221; icon_font_size=&#8221;46px&#8221; global_colors_info=&#8221;{%22gcid-5836ee55-e9b3-4966-a0d7-18bdd1cd429b%22:%91%22image_icon_background_color%22,%22image_icon_background_color%22%93,%22gcid-d9b23de0-9e42-4c6d-9d89-3356b88e6677%22:%91%22body_text_color%22,%22body_text_color%22%93,%22gcid-c58ce0d7-e4ed-4e75-a986-2f46f9e701ed%22:%91%22icon_color%22%93}&#8221;]<\/p>\n<p>Address<\/p>\n<p>[\/et_pb_blurb][\/et_pb_column][\/et_pb_row][et_pb_row use_custom_gutter=&#8221;on&#8221; gutter_width=&#8221;2&#8243; _builder_version=&#8221;4.16&#8243; _module_preset=&#8221;default&#8221; width=&#8221;90%&#8221; global_colors_info=&#8221;{}&#8221;][et_pb_column type=&#8221;4_4&#8243; _builder_version=&#8221;4.16&#8243; _module_preset=&#8221;default&#8221; global_colors_info=&#8221;{}&#8221;][dvppl_cf7_styler button_alignment=&#8221;center&#8221; cf7=&#8221;954&#8243; form_background_color=&#8221;RGBA(0,0,0,0)&#8221; cr_custom_styles=&#8221;on&#8221; cr_border_color=&#8221;gcid-5836ee55-e9b3-4966-a0d7-18bdd1cd429b&#8221; cr_border_size=&#8221;2px&#8221; _builder_version=&#8221;4.20.1&#8243; _module_preset=&#8221;default&#8221; custom_submit_button=&#8221;on&#8221; submit_button_bg_color=&#8221;gcid-c58ce0d7-e4ed-4e75-a986-2f46f9e701ed&#8221; submit_button_border_width=&#8221;0px&#8221; submit_button_border_color=&#8221;gcid-c58ce0d7-e4ed-4e75-a986-2f46f9e701ed&#8221; submit_button_border_radius=&#8221;10px&#8221; submit_button_font=&#8221;|700||on|||||&#8221; submit_button_custom_margin=&#8221;30px||||false|false&#8221; submit_button_custom_padding=&#8221;15px|25px|15px|25px|true|true&#8221; border_radii_field=&#8221;on|10px|10px|10px|10px&#8221; border_width_all_field=&#8221;1px&#8221; border_color_all_field=&#8221;gcid-219fcd1b-8489-4eb4-b370-10596ee4aaac&#8221; box_shadow_style_submit_button=&#8221;preset3&#8243; box_shadow_vertical_submit_button=&#8221;6px&#8221; global_colors_info=&#8221;{%22gcid-219fcd1b-8489-4eb4-b370-10596ee4aaac%22:%91%22border_color_all_field%22%93,%22gcid-c58ce0d7-e4ed-4e75-a986-2f46f9e701ed%22:%91%22submit_button_border_color%22,%22submit_button_bg_color%22%93}&#8221;][\/dvppl_cf7_styler][\/et_pb_column][\/et_pb_row][et_pb_row use_custom_gutter=&#8221;on&#8221; gutter_width=&#8221;1&#8243; module_id=&#8221;mappa-google&#8221; _builder_version=&#8221;4.16&#8243; _module_preset=&#8221;default&#8221; background_color=&#8221;gcid-782b3a1c-8b4a-4f90-a933-20b90758893c&#8221; width=&#8221;100%&#8221; max_width=&#8221;100%&#8221; custom_margin=&#8221;||0px||false|false&#8221; custom_padding=&#8221;||0px||false|false&#8221; global_colors_info=&#8221;{%22gcid-782b3a1c-8b4a-4f90-a933-20b90758893c%22:%91%22background_color%22%93}&#8221;][et_pb_column type=&#8221;4_4&#8243; _builder_version=&#8221;4.16&#8243; _module_preset=&#8221;default&#8221; global_colors_info=&#8221;{}&#8221;][et_pb_text admin_label=&#8221;Testo&#8221; _builder_version=&#8221;4.20.1&#8243; _module_preset=&#8221;default&#8221; animation_style=&#8221;zoom&#8221; animation_direction=&#8221;top&#8221; hover_enabled=&#8221;0&#8243; global_colors_info=&#8221;{}&#8221; sticky_enabled=&#8221;0&#8243;]<iframe src=\"https:\/\/www.google.com\/maps\/embed?pb=!1m14!1m8!1m3!1d11202.858787985333!2d9.0241945!3d45.4150925!3m2!1i1024!2i768!4f13.1!3m3!1m2!1s0x4786eed8ba309e5d%3A0xd5023a5bec5f6183!2sAllevamento%20Dei%20Templari%20Pastore%20Tedesco!5e0!3m2!1sit!2suk!4v1678440177223!5m2!1sit!2suk\" width=\"100%\" height=\"450\" style=\"border: 0;\" allowfullscreen=\"\" loading=\"lazy\" referrerpolicy=\"no-referrer-when-downgrade\"><\/iframe>[\/et_pb_text][\/et_pb_column][\/et_pb_row][\/et_pb_section]<\/p>\n","protected":false},"excerpt":{"rendered":"<p>Strada Provinciale 236 , Gaggiano, Italy +39 3386028176 +39 3351807444 info@allevamentodeitemplari.itCall UsE-mailAddress<div class=\"et_pb_with_border et_pb_module dvppl_cf7_styler dvppl_cf7_styler_0\">\n\t\t\t\t\n\t\t\t\t\n\t\t\t\t\n\t\t\t\t\n\t\t\t\t\n\t\t\t\t\n\t\t\t\t<div class=\"et_pb_module_inner\">\n\t\t\t\t\t<div class=\"dipe-cf7-container dipe-cf7-button-center\">\n\t\t\t\t\n\t\t\t\t<div class=\"dipe-cf7 dipe-cf7-styler dipe-cf7-cr\">\n\t\t\t\t\t<div role=\"form\" class=\"wpcf7\" id=\"wpcf7-f954-o1\" lang=\"it-IT\" dir=\"ltr\">\n<div class=\"screen-reader-response\"><p role=\"status\" aria-live=\"polite\" aria-atomic=\"true\"><\/p> <ul><\/ul><\/div>\n<form action=\"\/en\/wp-json\/wp\/v2\/pages\/826#wpcf7-f954-o1\" method=\"post\" class=\"wpcf7-form init\" novalidate=\"novalidate\" data-status=\"init\">\n<div style=\"display: none;\">\n<input type=\"hidden\" name=\"_wpcf7\" value=\"954\" \/>\n<input type=\"hidden\" name=\"_wpcf7_version\" value=\"5.6.3\" \/>\n<input type=\"hidden\" name=\"_wpcf7_locale\" value=\"it_IT\" \/>\n<input type=\"hidden\" name=\"_wpcf7_unit_tag\" value=\"wpcf7-f954-o1\" \/>\n<input type=\"hidden\" name=\"_wpcf7_container_post\" value=\"0\" \/>\n<input type=\"hidden\" name=\"_wpcf7_posted_data_hash\" value=\"\" \/>\n<input type=\"hidden\" name=\"_wpcf7_recaptcha_response\" value=\"\" \/>\n<\/div>\n<div class=\"dp-row\">\n\t\t\t\t\n<div class=\"dp-col dp-col-12 dp-col-md-6 dp-col-lg-6\">\n\t\t\t\t<span class=\"wpcf7-form-control-wrap\" data-name=\"Nome\"><input type=\"text\" name=\"Nome\" value=\"\" size=\"40\" class=\"wpcf7-form-control wpcf7-text wpcf7-validates-as-required\" aria-required=\"true\" aria-invalid=\"false\" placeholder=\"Name\" \/><\/span>\n        \t<\/div>\n<div class=\"dp-col dp-col-12 dp-col-md-6 dp-col-lg-6\">\n\t\t\t\t<span class=\"wpcf7-form-control-wrap\" data-name=\"Cognome\"><input type=\"text\" name=\"Cognome\" value=\"\" size=\"40\" class=\"wpcf7-form-control wpcf7-text wpcf7-validates-as-required\" aria-required=\"true\" aria-invalid=\"false\" placeholder=\"Surname\" \/><\/span>\n        \t<\/div>\n<div class=\"dp-col dp-col-12 dp-col-md-6 dp-col-lg-6\">\n\t\t\t\t<span class=\"wpcf7-form-control-wrap\" data-name=\"Email\"><input type=\"email\" name=\"Email\" value=\"\" size=\"40\" class=\"wpcf7-form-control wpcf7-text wpcf7-email wpcf7-validates-as-required wpcf7-validates-as-email\" aria-required=\"true\" aria-invalid=\"false\" placeholder=\"E-mail\" \/><\/span>\n        \t<\/div>\n<div class=\"dp-col dp-col-12 dp-col-md-6 dp-col-lg-6\">\n\t\t\t\t<span class=\"wpcf7-form-control-wrap\" data-name=\"Cellulare\"><input type=\"tel\" name=\"Cellulare\" value=\"\" size=\"40\" class=\"wpcf7-form-control wpcf7-text wpcf7-tel wpcf7-validates-as-required wpcf7-validates-as-tel\" aria-required=\"true\" aria-invalid=\"false\" placeholder=\"Phone\" \/><\/span>\n        \t<\/div>\n\n        \t<\/div>\n<div class=\"dp-row\">\n\t\t\t\t<div class=\"dp-col dp-col-12\">\n\t\t\t\t<span class=\"wpcf7-form-control-wrap\" data-name=\"Messaggio\"><textarea name=\"Messaggio\" cols=\"40\" rows=\"10\" class=\"wpcf7-form-control wpcf7-textarea wpcf7-validates-as-required\" aria-required=\"true\" aria-invalid=\"false\" placeholder=\"Message\"><\/textarea><\/span>\n        \t<\/div>\n        \t<\/div>\n<div class=\"dp-row\">\n\t\t\t\t<div class=\"dp-col dp-col-12\">\n\t\t\t\t<div class=\"testoprivacy\">La scrivente fornisce, di seguito, le informazioni riguardanti l\u2019utilizzo dei dati personali da Lei rilasciati attraverso la compilazione di questo form, in osservanza alle norme di cui al Regolamento UE 2016\/679, relativo alla protezione delle persone fisiche con riguardo al trattamento dei dati personali, nonch\u00e9 alla libera circolazione di tali dati (noto anche come GDPR). I dati concernenti la Sua persona, da Lei spontaneamente forniti tramite la compilazione di moduli informatici, vengono raccolti esclusivamente per consentire il contatto con l\u2019azienda e, eventualmente, eseguire il contratto con Lei concluso. Il conferimento, da parte Sua, dei dati in parola ha natura obbligatoria; il suo eventuale rifiuto non ci permetter\u00e0 di fornirLe il prodotto\/servizio da Lei richiesto (potenzialmente esponendoLa a responsabilit\u00e0 per inadempimento contrattuale) e, comunque, di evadere la Sua richiesta. All\u2019interno della nostra struttura potr\u00e0 venire a conoscenza dei dati solo il personale incaricato di effettuare operazioni di trattamento dei dati stessi, sempre per le citate finalit\u00e0. Le ricordiamo inoltre che, facendone apposita richiesta al titolare del trattamento, potr\u00e0 esercitare tutti i diritti previsti dagli articoli da 15 a 22 del predetto Regolamento UE, che Le consentono, in particolare, la facolt\u00e0 di chiedere l\u2019accesso ai dati personali e di estrarne copia (art. 15 GDPR), la rettifica (art. 16 GDPR) e la cancellazione degli stessi (art. 17 GDPR), la limitazione del trattamento che La riguardi (art. 18 GDPR), la portabilit\u00e0 dei dati (art. 20 GDPR, ove ne ricorrano i presupposti) e di opporsi al trattamento che La riguardi (artt. 21 e 22 GDPR, per le ipotesi ivi menzionate e, in particolare, al trattamento per finalit\u00e0 di marketing o che si traduca in un processo decisionale automatizzato, compresa la profilazione, che produca effetti giuridici che lo riguardano, ove ne ricorrano i presupposti). Le ricordiamo, altres\u00ec, il Suo diritto, qualora il trattamento sia basato sul consenso, di revocare detto consenso in qualsiasi momento, senza pregiudicare la liceit\u00e0 del trattamento basata sul consenso prestato prima della revoca; per fare ci\u00f2, pu\u00f2 disiscriversi in ogni momento contattando il titolare del trattamento ai recapiti pubblicati sul sito stesso. La informiamo, inoltre, del diritto di proporre reclamo all\u2019Autorit\u00e0 Garante per la Protezione dei Dati Personali, quale autorit\u00e0 di controllo operante in Italia, e di proporre ricorso giurisdizionale, tanto avverso una decisione dell\u2019Autorit\u00e0 Garante, quanto nei confronti del titolare del trattamento stesso e\/o di un responsabile del trattamento.<\/div>\n        \t<\/div>\n        \t<\/div>\n<div class=\"captcha-policy\">Questo sito \u00e8 protetto da reCAPTCHA e dalla <a href=\"https:\/\/policies.google.com\/privacy\" rel=\"nofollow\" target=\"_blank\">Privacy Policy<\/a> di Google, che applica questi <a href=\"https:\/\/policies.google.com\/terms\" rel=\"nofollow\" target=\"_blank\">Termini di utilizzo<\/a>.<\/div>\n<span class=\"wpcf7-form-control-wrap\" data-name=\"acceptance-349\"><span class=\"wpcf7-form-control wpcf7-acceptance\"><span class=\"wpcf7-list-item\"><label><input type=\"checkbox\" name=\"acceptance-349\" value=\"1\" aria-invalid=\"false\" \/><span class=\"wpcf7-list-item-label\">Ho letto e accetto le condizioni della <a href=\"\/privacy\/\" target=\"_blank\">privacy<\/a> (<strong>OBBLIGATORIO<\/strong>)<\/span><\/label><\/span><\/span><\/span>\n<input type=\"submit\" value=\"Send\" class=\"wpcf7-form-control has-spinner wpcf7-submit\" \/><div class=\"wpcf7-response-output\" aria-hidden=\"true\"><\/div><\/form><\/div>\n\t\t\t\t<\/div>\n\t\t\t<\/div>\n\t\t\t\t<\/div>\n\t\t\t<\/div><\/p>\n","protected":false},"author":1,"featured_media":0,"parent":0,"menu_order":2,"comment_status":"closed","ping_status":"closed","template":"","meta":{"_et_pb_use_builder":"on","_et_pb_old_content":"<!-- wp:paragraph -->\r\n<p>Questa \u00e8 una pagina di esempio. Differisce da un articolo di un blog perch\u00e9 rimane sempre allo stesso posto e (in molti temi) appare nel menu di navigazione. Molte persone iniziano con una pagina di Informazioni che li presentano ai visitatori del sito. Potrebbe apparire una presentazione del tipo:<\/p>\r\n<!-- \/wp:paragraph -->\r\n\r\n<!-- wp:quote -->\r\n<blockquote class=\"wp-block-quote\"><p>Ciao! Sono un fattorino ciclista di giorno, aspirante attore di notte e questo \u00e8 il mio sito web. Vivo a Los Angeles, ho un grande cane di nome Jack e mi piace la pi\u00f1a colada. (E prendere la pioggia)<\/p><\/blockquote>\r\n<!-- \/wp:quote -->\r\n\r\n<!-- wp:paragraph -->\r\n<p>...o qualcosa di simile:<\/p>\r\n<!-- \/wp:paragraph -->\r\n\r\n<!-- wp:quote -->\r\n<blockquote class=\"wp-block-quote\"><p>La Societ\u00e0 XYZ Aggeggi \u00e8 stata fondata nel 1971 e da allora fornisce al pubblico aggeggi di ottima qualit\u00e0. Situata a Fantasilandia, XYZ impiega oltre 2.000 persone e realizza ogni sorta di aggeggio fantastico per la comunit\u00e0 di Fantasilandia.<\/p><\/blockquote>\r\n<!-- \/wp:quote -->\r\n\r\n<!-- wp:paragraph -->\r\n<p>Come nuovo utente di WordPress, dovresti andare nella tua <a href=\"http:\/\/wp-smart1.install.prismiweb.net\/wp-admin\/\">Bacheca<\/a> per eliminare questa pagina, e crearne delle nuove per i tuoi contenuti. Divertiti!<\/p>\r\n<!-- \/wp:paragraph -->","_et_gb_content_width":"","ngg_post_thumbnail":0,"footnotes":""},"class_list":["post-826","page","type-page","status-publish","hentry"],"yoast_head":"<!-- This site is optimized with the Yoast SEO plugin v20.2.1 - https:\/\/yoast.com\/wordpress\/plugins\/seo\/ -->\n<title>Contacts - Allevamento Dei Templari<\/title>\n<meta name=\"robots\" content=\"index, follow, max-snippet:-1, max-image-preview:large, max-video-preview:-1\" \/>\n<link rel=\"canonical\" href=\"https:\/\/www.allevamentodeitemplari.it\/en\/contacts\/\" \/>\n<meta property=\"og:locale\" content=\"en_US\" \/>\n<meta property=\"og:type\" content=\"article\" \/>\n<meta property=\"og:title\" content=\"Contacts - Allevamento Dei Templari\" \/>\n<meta property=\"og:description\" content=\"Strada Provinciale 236 , Gaggiano, Italy +39 3386028176 +39 3351807444 info@allevamentodeitemplari.itCall UsE-mailAddress\" \/>\n<meta property=\"og:url\" content=\"https:\/\/www.allevamentodeitemplari.it\/en\/contacts\/\" \/>\n<meta property=\"og:site_name\" content=\"Allevamento Dei Templari\" \/>\n<meta property=\"article:modified_time\" content=\"2023-03-10T10:11:15+00:00\" \/>\n<meta name=\"twitter:card\" content=\"summary_large_image\" \/>\n<meta name=\"twitter:label1\" content=\"Est. reading time\" \/>\n\t<meta name=\"twitter:data1\" content=\"2 minutes\" \/>\n<script type=\"application\/ld+json\" class=\"yoast-schema-graph\">{\"@context\":\"https:\/\/schema.org\",\"@graph\":[{\"@type\":\"WebPage\",\"@id\":\"https:\/\/www.allevamentodeitemplari.it\/en\/contacts\/\",\"url\":\"https:\/\/www.allevamentodeitemplari.it\/en\/contacts\/\",\"name\":\"Contacts - Allevamento Dei Templari\",\"isPartOf\":{\"@id\":\"https:\/\/www.allevamentodeitemplari.it\/#website\"},\"datePublished\":\"2021-11-08T10:42:41+00:00\",\"dateModified\":\"2023-03-10T10:11:15+00:00\",\"breadcrumb\":{\"@id\":\"https:\/\/www.allevamentodeitemplari.it\/en\/contacts\/#breadcrumb\"},\"inLanguage\":\"en-US\",\"potentialAction\":[{\"@type\":\"ReadAction\",\"target\":[\"https:\/\/www.allevamentodeitemplari.it\/en\/contacts\/\"]}]},{\"@type\":\"BreadcrumbList\",\"@id\":\"https:\/\/www.allevamentodeitemplari.it\/en\/contacts\/#breadcrumb\",\"itemListElement\":[{\"@type\":\"ListItem\",\"position\":1,\"name\":\"Home\",\"item\":\"https:\/\/www.allevamentodeitemplari.it\/en\/\"},{\"@type\":\"ListItem\",\"position\":2,\"name\":\"Contacts\"}]},{\"@type\":\"WebSite\",\"@id\":\"https:\/\/www.allevamentodeitemplari.it\/#website\",\"url\":\"https:\/\/www.allevamentodeitemplari.it\/\",\"name\":\"Allevamento Dei Templari\",\"description\":\"\",\"potentialAction\":[{\"@type\":\"SearchAction\",\"target\":{\"@type\":\"EntryPoint\",\"urlTemplate\":\"https:\/\/www.allevamentodeitemplari.it\/?s={search_term_string}\"},\"query-input\":\"required name=search_term_string\"}],\"inLanguage\":\"en-US\"}]}<\/script>\n<!-- \/ Yoast SEO plugin. -->","yoast_head_json":{"title":"Contacts - Allevamento Dei Templari","robots":{"index":"index","follow":"follow","max-snippet":"max-snippet:-1","max-image-preview":"max-image-preview:large","max-video-preview":"max-video-preview:-1"},"canonical":"https:\/\/www.allevamentodeitemplari.it\/en\/contacts\/","og_locale":"en_US","og_type":"article","og_title":"Contacts - Allevamento Dei Templari","og_description":"Strada Provinciale 236 , Gaggiano, Italy +39 3386028176 +39 3351807444 info@allevamentodeitemplari.itCall UsE-mailAddress","og_url":"https:\/\/www.allevamentodeitemplari.it\/en\/contacts\/","og_site_name":"Allevamento Dei Templari","article_modified_time":"2023-03-10T10:11:15+00:00","twitter_card":"summary_large_image","twitter_misc":{"Est. reading time":"2 minutes"},"schema":{"@context":"https:\/\/schema.org","@graph":[{"@type":"WebPage","@id":"https:\/\/www.allevamentodeitemplari.it\/en\/contacts\/","url":"https:\/\/www.allevamentodeitemplari.it\/en\/contacts\/","name":"Contacts - Allevamento Dei Templari","isPartOf":{"@id":"https:\/\/www.allevamentodeitemplari.it\/#website"},"datePublished":"2021-11-08T10:42:41+00:00","dateModified":"2023-03-10T10:11:15+00:00","breadcrumb":{"@id":"https:\/\/www.allevamentodeitemplari.it\/en\/contacts\/#breadcrumb"},"inLanguage":"en-US","potentialAction":[{"@type":"ReadAction","target":["https:\/\/www.allevamentodeitemplari.it\/en\/contacts\/"]}]},{"@type":"BreadcrumbList","@id":"https:\/\/www.allevamentodeitemplari.it\/en\/contacts\/#breadcrumb","itemListElement":[{"@type":"ListItem","position":1,"name":"Home","item":"https:\/\/www.allevamentodeitemplari.it\/en\/"},{"@type":"ListItem","position":2,"name":"Contacts"}]},{"@type":"WebSite","@id":"https:\/\/www.allevamentodeitemplari.it\/#website","url":"https:\/\/www.allevamentodeitemplari.it\/","name":"Allevamento Dei Templari","description":"","potentialAction":[{"@type":"SearchAction","target":{"@type":"EntryPoint","urlTemplate":"https:\/\/www.allevamentodeitemplari.it\/?s={search_term_string}"},"query-input":"required name=search_term_string"}],"inLanguage":"en-US"}]}},"_links":{"self":[{"href":"https:\/\/www.allevamentodeitemplari.it\/en\/wp-json\/wp\/v2\/pages\/826","targetHints":{"allow":["GET"]}}],"collection":[{"href":"https:\/\/www.allevamentodeitemplari.it\/en\/wp-json\/wp\/v2\/pages"}],"about":[{"href":"https:\/\/www.allevamentodeitemplari.it\/en\/wp-json\/wp\/v2\/types\/page"}],"author":[{"embeddable":true,"href":"https:\/\/www.allevamentodeitemplari.it\/en\/wp-json\/wp\/v2\/users\/1"}],"replies":[{"embeddable":true,"href":"https:\/\/www.allevamentodeitemplari.it\/en\/wp-json\/wp\/v2\/comments?post=826"}],"version-history":[{"count":7,"href":"https:\/\/www.allevamentodeitemplari.it\/en\/wp-json\/wp\/v2\/pages\/826\/revisions"}],"predecessor-version":[{"id":980,"href":"https:\/\/www.allevamentodeitemplari.it\/en\/wp-json\/wp\/v2\/pages\/826\/revisions\/980"}],"wp:attachment":[{"href":"https:\/\/www.allevamentodeitemplari.it\/en\/wp-json\/wp\/v2\/media?parent=826"}],"curies":[{"name":"wp","href":"https:\/\/api.w.org\/{rel}","templated":true}]}}